{"id":8031,"date":"2023-07-26T12:45:13","date_gmt":"2023-07-26T10:45:13","guid":{"rendered":"https:\/\/www.lvrflote.lv\/par-mums\/nodoklu-maksajumi\/"},"modified":"2025-06-10T17:57:54","modified_gmt":"2025-06-10T15:57:54","slug":"nodoklu-maksajumi","status":"publish","type":"page","link":"https:\/\/www.lvrflote.lv\/lv\/par-mums\/nodoklu-maksajumi\/","title":{"rendered":"Nodok\u013cu maks\u0101jumi"},"content":{"rendered":"\t\t<div data-elementor-type=\"wp-page\" data-elementor-id=\"8031\" class=\"elementor elementor-8031 elementor-7061\">\n\t\t\t\t\t\t\t\t\t<section class=\"elementor-section elementor-top-section elementor-element elementor-element-5dd7203 elementor-section-full_width elementor-section-height-default elementor-section-height-default\" data-id=\"5dd7203\" data-element_type=\"section\" data-settings=\"{&quot;background_background&quot;:&quot;classic&quot;}\">\n\t\t\t\t\t\t<div class=\"elementor-container elementor-column-gap-default\">\n\t\t\t\t\t<div class=\"elementor-column elementor-col-100 elementor-top-column elementor-element elementor-element-92be476\" data-id=\"92be476\" data-element_type=\"column\">\n\t\t\t<div class=\"elementor-widget-wrap elementor-element-populated\">\n\t\t\t\t\t\t\t\t<div class=\"elementor-element elementor-element-4e9a2b0 elementor-widget__width-auto elementor-widget elementor-widget-heading\" data-id=\"4e9a2b0\" data-element_type=\"widget\" data-widget_type=\"heading.default\">\n\t\t\t\t<div class=\"elementor-widget-container\">\n\t\t\t<style>\/*! elementor - v3.12.1 - 02-04-2023 *\/\n.elementor-heading-title{padding:0;margin:0;line-height:1}.elementor-widget-heading .elementor-heading-title[class*=elementor-size-]>a{color:inherit;font-size:inherit;line-height:inherit}.elementor-widget-heading .elementor-heading-title.elementor-size-small{font-size:15px}.elementor-widget-heading .elementor-heading-title.elementor-size-medium{font-size:19px}.elementor-widget-heading .elementor-heading-title.elementor-size-large{font-size:29px}.elementor-widget-heading .elementor-heading-title.elementor-size-xl{font-size:39px}.elementor-widget-heading .elementor-heading-title.elementor-size-xxl{font-size:59px}<\/style><h1 class=\"elementor-heading-title elementor-size-default\">Nodok\u013cu maks\u0101jumi<\/h1>\t\t<\/div>\n\t\t\t\t<\/div>\n\t\t\t\t<div class=\"elementor-element elementor-element-db609e0 elementor-widget__width-auto elementor-widget elementor-widget-image\" data-id=\"db609e0\" data-element_type=\"widget\" data-widget_type=\"image.default\">\n\t\t\t\t<div class=\"elementor-widget-container\">\n\t\t\t<style>\/*! elementor - v3.12.1 - 02-04-2023 *\/\n.elementor-widget-image{text-align:center}.elementor-widget-image a{display:inline-block}.elementor-widget-image a img[src$=\".svg\"]{width:48px}.elementor-widget-image img{vertical-align:middle;display:inline-block}<\/style>\t\t\t\t\t\t\t\t\t\t\t\t<img loading=\"lazy\" decoding=\"async\" width=\"144\" height=\"23\" src=\"https:\/\/www.lvrflote.lv\/wp-content\/uploads\/2023\/07\/download.svg\" class=\"attachment-large size-large wp-image-702\" alt=\"\" \/>\t\t\t\t\t\t\t\t\t\t\t\t\t\t\t<\/div>\n\t\t\t\t<\/div>\n\t\t\t\t<div class=\"elementor-element elementor-element-9c9fea1 elementor-widget elementor-widget-shortcode\" data-id=\"9c9fea1\" data-element_type=\"widget\" data-widget_type=\"shortcode.default\">\n\t\t\t\t<div class=\"elementor-widget-container\">\n\t\t\t\t\t<div class=\"elementor-shortcode\"><nav aria-label=\"breadcrumbs\" class=\"rank-math-breadcrumb\"><p><span class=\"last\">S\u0101kums<\/span><\/p><\/nav><\/div>\n\t\t\t\t<\/div>\n\t\t\t\t<\/div>\n\t\t\t\t\t<\/div>\n\t\t<\/div>\n\t\t\t\t\t\t\t<\/div>\n\t\t<\/section>\n\t\t\t\t<section class=\"elementor-section elementor-top-section elementor-element elementor-element-80f73ff elementor-section-full_width financial-statment-wrapper financial-statment-wrapper2 elementor-section-height-default elementor-section-height-default\" data-id=\"80f73ff\" data-element_type=\"section\">\n\t\t\t\t\t\t<div class=\"elementor-container elementor-column-gap-default\">\n\t\t\t\t\t<div class=\"elementor-column elementor-col-50 elementor-top-column elementor-element elementor-element-84c9400 col-left\" data-id=\"84c9400\" data-element_type=\"column\" data-settings=\"{&quot;background_background&quot;:&quot;classic&quot;}\">\n\t\t\t<div class=\"elementor-widget-wrap elementor-element-populated\">\n\t\t\t\t\t\t\t\t<section class=\"elementor-section elementor-inner-section elementor-element elementor-element-c5783a8 elementor-section-boxed elementor-section-height-default elementor-section-height-default\" data-id=\"c5783a8\" data-element_type=\"section\" data-settings=\"{&quot;background_background&quot;:&quot;classic&quot;}\">\n\t\t\t\t\t\t<div class=\"elementor-container elementor-column-gap-default\">\n\t\t\t\t\t<div class=\"elementor-column elementor-col-100 elementor-inner-column elementor-element elementor-element-cf9013d\" data-id=\"cf9013d\" data-element_type=\"column\">\n\t\t\t<div class=\"elementor-widget-wrap elementor-element-populated\">\n\t\t\t\t\t\t\t\t<div class=\"elementor-element elementor-element-572a005 elementor-widget elementor-widget-nav-menu\" data-id=\"572a005\" data-element_type=\"widget\" data-settings=\"{&quot;layout&quot;:&quot;dropdown&quot;,&quot;submenu_icon&quot;:{&quot;value&quot;:&quot;&lt;i class=\\&quot;fas fa-chevron-down\\&quot;&gt;&lt;\\\/i&gt;&quot;,&quot;library&quot;:&quot;fa-solid&quot;}}\" data-widget_type=\"nav-menu.default\">\n\t\t\t\t<div class=\"elementor-widget-container\">\n\t\t\t<link rel=\"stylesheet\" href=\"https:\/\/www.lvrflote.lv\/wp-content\/uploads\/elementor\/css\/custom-pro-widget-nav-menu.min.css?ver=1728886528\">\t\t\t<nav class=\"elementor-nav-menu--dropdown elementor-nav-menu__container\" aria-hidden=\"true\">\n\t\t\t\t<ul id=\"menu-2-572a005\" class=\"elementor-nav-menu\"><li class=\"menu-item menu-item-type-custom menu-item-object-custom menu-item-has-children menu-item-6464\"><a href=\"#\" class=\"elementor-item elementor-item-anchor\" tabindex=\"-1\">Finan\u0161u p\u0101rskati<\/a>\n<ul class=\"sub-menu elementor-nav-menu--dropdown\">\n\t<li class=\"menu-item menu-item-type-post_type menu-item-object-page menu-item-6567\"><a href=\"https:\/\/www.lvrflote.lv\/lv\/par-mums\/finansu-parskati\/\" class=\"elementor-sub-item\" tabindex=\"-1\">Finan\u0161u p\u0101rskati<\/a><\/li>\n\t<li class=\"menu-item menu-item-type-post_type menu-item-object-page menu-item-8087\"><a href=\"https:\/\/www.lvrflote.lv\/lv\/par-mums\/nodoklu-maksajumi\/\" class=\"elementor-sub-item\" tabindex=\"-1\">Nodok\u013cu maks\u0101jumi<\/a><\/li>\n<\/ul>\n<\/li>\n<\/ul>\t\t\t<\/nav>\n\t\t\t\t<\/div>\n\t\t\t\t<\/div>\n\t\t\t\t\t<\/div>\n\t\t<\/div>\n\t\t\t\t\t\t\t<\/div>\n\t\t<\/section>\n\t\t\t\t\t<\/div>\n\t\t<\/div>\n\t\t\t\t<div class=\"elementor-column elementor-col-50 elementor-top-column elementor-element elementor-element-34d9a08 col-right\" data-id=\"34d9a08\" data-element_type=\"column\">\n\t\t\t<div class=\"elementor-widget-wrap elementor-element-populated\">\n\t\t\t\t\t\t\t\t<section class=\"elementor-section elementor-inner-section elementor-element elementor-element-15ddf21 col-right-inner elementor-section-boxed elementor-section-height-default elementor-section-height-default\" data-id=\"15ddf21\" data-element_type=\"section\">\n\t\t\t\t\t\t<div class=\"elementor-container elementor-column-gap-default\">\n\t\t\t\t\t<div class=\"elementor-column elementor-col-100 elementor-inner-column elementor-element elementor-element-d1ebf90\" data-id=\"d1ebf90\" data-element_type=\"column\">\n\t\t\t<div class=\"elementor-widget-wrap elementor-element-populated\">\n\t\t\t\t\t\t\t\t<div class=\"elementor-element elementor-element-15192d2 elementor-widget elementor-widget-heading\" data-id=\"15192d2\" data-element_type=\"widget\" data-widget_type=\"heading.default\">\n\t\t\t\t<div class=\"elementor-widget-container\">\n\t\t\t<h2 class=\"elementor-heading-title elementor-size-default\">Nodok\u013cu maks\u0101jumi<\/h2>\t\t<\/div>\n\t\t\t\t<\/div>\n\t\t\t\t<div class=\"elementor-element elementor-element-ac4695f elementor-widget elementor-widget-html\" data-id=\"ac4695f\" data-element_type=\"widget\" data-widget_type=\"html.default\">\n\t\t\t\t<div class=\"elementor-widget-container\">\n\t\t\t<div class=\"born-tablepress-wrapper\"><div class=\"inner-wrapper\"><table>\n\t\t\t\t\t\t\t<thead>\n\t\t\t\t\t\t\t\t<tr>\n\t\t\t\t\t\t\t\t\t<th><font style=\"vertical-align: inherit;\"><font style=\"vertical-align: inherit;\">Nodok\u013ci<\/font><\/font><\/th>\n\t\t\t\t\t\t\t\t\n\t\t\t\t\t\t\t\t\t<th>2020<\/th>\n\t\t\t\t\t\t\t\t\t<th>2021\n\t\t\t\t<\/th>\n\t\t\t\t<th>2022\n\t\t\t\t<\/th>\n\t\t\t\t\t\t\t\t<th>2023\n\t\t\t\t<\/th>\n\t\t\t\t<th>2024<\/th>\n\t\t\t\t\n\t\t\t\t\t\t\t\t<\/tr>\n\t\t\t\t\t\t\t<\/thead>\n\t\t\t\t\t\t\t<tbody>\n\t\t\t\t\t\t\t\t<tr>\n\t\t\t\t\t\t\t\t\t<td><font style=\"vertical-align: inherit;\"><font style=\"vertical-align: inherit;\">Uz\u0146\u0113mumu ien\u0101kuma nodoklis<\/font><\/font><\/td>\n\t\t\t\t\t\t\t\t\t<td><font style=\"vertical-align: inherit;\"><font style=\"white-space: nowrap;vertical-align: inherit;\">1 807<\/font><\/font><\/td>\n\t\t\t\t\t\t\t\t\t<td><font style=\"vertical-align: inherit;\"><font style=\"white-space: nowrap;vertical-align: inherit;\">908<\/font><\/font><\/td>\n\t\t\t\t\t\t\t\t\t<td><font style=\"vertical-align: inherit;\"><font style=\"white-space: nowrap;vertical-align: inherit;\">1 761<\/font><\/font><\/td>\n\t\t\t\t\t\t\t\t\t\t<td><font style=\"vertical-align: inherit;\"><font style=\"white-space: nowrap;vertical-align: inherit;\">1 648<\/font><\/font><\/td>\n\t\t\t\t\t\t\t\t\t\t<td><font style=\"vertical-align: inherit;\"><font style=\"white-space: nowrap;vertical-align: inherit;\">2 370<\/font><\/font><\/td>\n\t\t\t\t\t\t\t\t<\/tr>\n\t\t\t\t\t\t\t\t<tr>\n\t\t\t\t\t\t\t\t\t<td><font style=\"vertical-align: inherit;\"><font style=\"vertical-align: inherit;\">Pievienot\u0101s v\u0113rt\u012bbas nodoklis<\/font><\/font><\/td>\n\t\t\t\t\t\t\t\t\t<td><font style=\"white-space: nowrap;vertical-align: inherit;\"><font style=\"vertical-align: inherit;\">788 257<\/font><\/font><\/td>\n\t\t\t\t\t\t\t\t\t<td><font style=\"white-space: nowrap;vertical-align: inherit;\"><font style=\"vertical-align: inherit;\">2 352 688<\/font><\/font><\/td>\n\t\t\t\t\t\t\t\t\t<td><font style=\"white-space: nowrap;vertical-align: inherit;\"><font style=\"vertical-align: inherit;\">706 039<\/font><\/font><\/td>\n\t\t\t\t\t\t\t\t\t\t<td><font style=\"white-space: nowrap;vertical-align: inherit;\"><font style=\"vertical-align: inherit;\">1 015 525<\/font><\/font><\/td>\n\t\t\t\t\t\t\t\t\t\t<td><font style=\"white-space: nowrap;vertical-align: inherit;\"><font style=\"vertical-align: inherit;\">1 284 335<\/font><\/font><\/td>\n\t\t\t\t\t\t\t\t<\/tr>\n\t\t\t\t\t\t\t\t<tr>\n\t\t\t\t\t\t\t\t\t<td><font style=\"vertical-align: inherit;\"><font style=\"vertical-align: inherit;\">Iedz\u012bvot\u0101ju ien\u0101kuma nodoklis<\/font><\/font><\/td>\n\t\t\t\t\t\t\t\t\t<td><font style=\"white-space: nowrap;vertical-align: inherit;\"><font style=\"vertical-align: inherit;\">497 823<\/font><\/font><\/td>\n\t\t\t\t\t\t\t\t\t<td><font style=\"white-space: nowrap;vertical-align: inherit;\"><font style=\"vertical-align: inherit;\">531 028<\/font><\/font><\/td>\n\t\t\t\t\t\t\t\t\t<td><font style=\"white-space: nowrap;vertical-align: inherit;\"><font style=\"vertical-align: inherit;\">579 172<\/font><\/font><\/td>\n\t\t\t\t\t\t\t\t\t<td><font style=\"white-space: nowrap;vertical-align: inherit;\"><font style=\"vertical-align: inherit;\">614 875<\/font><\/font><\/td>\n\t\t\t\t\t\t\t\t\t<td><font style=\"white-space: nowrap;vertical-align: inherit;\"><font style=\"vertical-align: inherit;\">641 449<\/font><\/font><\/td>\n\t\t\t\t\t\t\t\t<\/tr>\n\t\t\t\t\t\t\t\t<tr>\n\t\t\t\t\t\t\t\t\t<td><font style=\"vertical-align: inherit;\"><font style=\"vertical-align: inherit;\">Valsts soci\u0101l\u0101s apdro\u0161in\u0101\u0161anas iemaksas<\/font><\/font><\/td>\n\t\t\t\t\t\t\t\t\t<td><font style=\"white-space: nowrap;vertical-align: inherit;\"><font style=\"vertical-align: inherit;\">959 016<\/font><\/font><\/td>\n\t\t\t\t\t\t\t\t\t<td><font style=\"white-space: nowrap;vertical-align: inherit;\"><font style=\"vertical-align: inherit;\">978 222<\/font><\/font><\/td>\n\t\t\t\t\t\t\t\t\t<td><font style=\"white-space: nowrap;vertical-align: inherit;\"><font style=\"vertical-align: inherit;\">1 048 189<\/font><\/font><\/td>\n\t\t\t\t\t\t\t\t\t<td><font style=\"white-space: nowrap;vertical-align: inherit;\"><font style=\"vertical-align: inherit;\">1 108 254<\/font><\/font><\/td>\n\t\t\t\t\t\t\t\t\t<td><font style=\"white-space: nowrap;vertical-align: inherit;\"><font style=\"vertical-align: inherit;\">1 153 696<\/font><\/font><\/td>\n\t\t\t\t\t\t\t\t<\/tr>\n\t\t\t\t\t\t\t\t<tr>\n\t\t\t\t\t\t\t\t\t<td><font style=\"vertical-align: inherit;\"><font style=\"vertical-align: inherit;\">Valsts nodeva par uz\u0146\u0113m\u0113jdarb\u012bbas risku<\/font><\/font><\/td>\n\t\t\t\t\t\t\t\t\t<td><font style=\"white-space: nowrap;vertical-align: inherit;\"><font style=\"vertical-align: inherit;\">469<\/font><\/font><\/td>\n\t\t\t\t\t\t\t\t\t<td><font style=\"white-space: nowrap;vertical-align: inherit;\"><font style=\"vertical-align: inherit;\">491<\/font><\/font><\/td>\n\t\t\t\t\t\t\t\t\t<td><font style=\"white-space: nowrap;vertical-align: inherit;\"><font style=\"vertical-align: inherit;\">461<\/font><\/font><\/td>\n\t\t\t\t\t\t\t\t\t<td><font style=\"white-space: nowrap;vertical-align: inherit;\"><font style=\"vertical-align: inherit;\">495<\/font><\/font><\/td>\n\t\t\t\t\t\t\t\t\t<td><font style=\"white-space: nowrap;vertical-align: inherit;\"><font style=\"vertical-align: inherit;\">472<\/font><\/font><\/td>\n\t\t\t\t\t\t\t\t<\/tr>\n\t\t\t\t\t\t\t\t<tr>\n\t\t\t\t\t\t\t\t\t<td><font style=\"vertical-align: inherit;\"><font style=\"vertical-align: inherit;\">Nekustam\u0101 \u012bpa\u0161uma nodoklis<\/font><\/font><\/td>\n\t\t\t\t\t\t\t\t\t<td><font style=\"white-space: nowrap;vertical-align: inherit;\"><font style=\"vertical-align: inherit;\">5 659<\/font><\/font><\/td>\n\t\t\t\t\t\t\t\t\t<td><font style=\"white-space: nowrap;vertical-align: inherit;\"><font style=\"vertical-align: inherit;\">5 660<\/font><\/font><\/td>\n\t\t\t\t\t\t\t\t\t<td><font style=\"white-space: nowrap;vertical-align: inherit;\"><font style=\"vertical-align: inherit;\">5 664<\/font><\/font><\/td>\n\t\t\t\t\t\t\t\t\t<td><font style=\"white-space: nowrap;vertical-align: inherit;\"><font style=\"vertical-align: inherit;\">5 337<\/font><\/font><\/td>\n\t\t\t\t\t\t\t\t\t<td><font style=\"white-space: nowrap;vertical-align: inherit;\"><font style=\"vertical-align: inherit;\">5 470<\/font><\/font><\/td>\n\t\t\t\t\t\t\t\t<\/tr>\n\t\t\t\t\t\t\t\t<tr>\n\t\t\t\t\t\t\t\t\t<td><font style=\"vertical-align: inherit;\"><font style=\"vertical-align: inherit;\">Dabas resursu nodoklis<\/font><\/font><\/td>\n\t\t\t\t\t\t\t\t\t<td><font style=\"white-space: nowrap;vertical-align: inherit;\"><font style=\"vertical-align: inherit;\">156<\/font><\/font><\/td>\n\t\t\t\t\t\t\t\t\t<td><font style=\"white-space: nowrap;vertical-align: inherit;\"><font style=\"vertical-align: inherit;\">153<\/font><\/font><\/td>\n\t\t\t\t\t\t\t\t\t<td><font style=\"white-space: nowrap;vertical-align: inherit;\"><font style=\"vertical-align: inherit;\">461<\/font><\/font><\/td>\n\t\t\t\t\t\t\t\t\t<td><font style=\"white-space: nowrap;vertical-align: inherit;\"><font style=\"vertical-align: inherit;\">453<\/font><\/font><\/td>\n\t\t\t\t\t\t\t\t\t<td><font style=\"white-space: nowrap;vertical-align: inherit;\"><font style=\"vertical-align: inherit;\">462<\/font><\/font><\/td>\n\t\t\t\t\t\t\t\t<\/tr>\n\t\t\t\t\t\t\t\t<tr>\n\t\t\t\t\t\t\t\t\t<td><font style=\"vertical-align: inherit;\"><font style=\"vertical-align: inherit;\">Kop\u0101 EUR<\/font><\/font><\/td>\n\t\t\t\t\t\t\t\t\t<td><strong><font style=\"white-space: nowrap;vertical-align: inherit;\"><font style=\"vertical-align: inherit;\">2 253 187<\/font><\/font><\/strong><\/td>\n\t\t\t\t\t\t\t\t\t<td><strong><font style=\"white-space: nowrap;vertical-align: inherit;\"><font style=\"vertical-align: inherit;\">3 869 150<\/font><\/font><\/strong><\/td>\n\t\t\t\t\t\t\t\t\t<td><strong><font style=\"white-space: nowrap;vertical-align: inherit;\"><font style=\"vertical-align: inherit;\">2 341 759<\/font><\/font><\/strong><\/td>\n\t\t\t\t\t\t\t\t\t\t<td><strong><font style=\"white-space: nowrap;vertical-align: inherit;\"><font style=\"vertical-align: inherit;\">2 746 587<\/font><\/font><\/strong><\/td>\n\t\t\t\t\t\t\t\t\t\t<td><strong><font style=\"white-space: nowrap;vertical-align: inherit;\"><font style=\"vertical-align: inherit;\">3 088 254<\/font><\/font><\/strong><\/td>\n\t\t\t\t\t\t\t\t<\/tr>\n\t\t\t\t\t\t\t<\/tbody>\n\t\t\t\t\t\t<\/table><\/div><\/div>\t\t<\/div>\n\t\t\t\t<\/div>\n\t\t\t\t\t<\/div>\n\t\t<\/div>\n\t\t\t\t\t\t\t<\/div>\n\t\t<\/section>\n\t\t\t\t\t<\/div>\n\t\t<\/div>\n\t\t\t\t\t\t\t<\/div>\n\t\t<\/section>\n\t\t\t\t<section class=\"elementor-section elementor-top-section elementor-element elementor-element-bb58c4b elementor-section-full_width elementor-reverse-mobile elementor-section-content-middle elementor-section-height-default elementor-section-height-default\" data-id=\"bb58c4b\" data-element_type=\"section\" data-settings=\"{&quot;background_background&quot;:&quot;classic&quot;}\">\n\t\t\t\t\t\t<div class=\"elementor-container elementor-column-gap-default\">\n\t\t\t\t\t<div class=\"elementor-column elementor-col-50 elementor-top-column elementor-element elementor-element-717dd11\" data-id=\"717dd11\" data-element_type=\"column\">\n\t\t\t<div class=\"elementor-widget-wrap elementor-element-populated\">\n\t\t\t\t\t\t\t\t<div class=\"elementor-element elementor-element-19cfc9a elementor-widget elementor-widget-text-editor\" data-id=\"19cfc9a\" data-element_type=\"widget\" data-widget_type=\"text-editor.default\">\n\t\t\t\t<div class=\"elementor-widget-container\">\n\t\t\t<style>\/*! elementor - v3.12.1 - 02-04-2023 *\/\n.elementor-widget-text-editor.elementor-drop-cap-view-stacked .elementor-drop-cap{background-color:#69727d;color:#fff}.elementor-widget-text-editor.elementor-drop-cap-view-framed .elementor-drop-cap{color:#69727d;border:3px solid;background-color:transparent}.elementor-widget-text-editor:not(.elementor-drop-cap-view-default) .elementor-drop-cap{margin-top:8px}.elementor-widget-text-editor:not(.elementor-drop-cap-view-default) .elementor-drop-cap-letter{width:1em;height:1em}.elementor-widget-text-editor .elementor-drop-cap{float:left;text-align:center;line-height:1;font-size:50px}.elementor-widget-text-editor .elementor-drop-cap-letter{display:inline-block}<\/style>\t\t\t\t<p>LVR Flote ir <span style=\"color: #00ce70;\">uzticams, stabils un pieredz\u0113jis<\/span> uz\u0146\u0113mums, kas ar savu pakalpojumu kl\u0101stu veicina Latvijas ostu konkur\u0113tsp\u0113ju.<\/p>\n\t\t\t\t\t\t<\/div>\n\t\t\t\t<\/div>\n\t\t\t\t<section class=\"elementor-section elementor-inner-section elementor-element elementor-element-da60136 elementor-section-boxed elementor-section-height-default elementor-section-height-default\" data-id=\"da60136\" data-element_type=\"section\">\n\t\t\t\t\t\t<div class=\"elementor-container elementor-column-gap-default\">\n\t\t\t\t\t<div class=\"elementor-column elementor-col-50 elementor-inner-column elementor-element elementor-element-692eb37\" data-id=\"692eb37\" data-element_type=\"column\">\n\t\t\t<div class=\"elementor-widget-wrap elementor-element-populated\">\n\t\t\t\t\t\t\t\t<div class=\"elementor-element elementor-element-f94a79d elementor-widget-tablet__width-initial elementor-widget-mobile__width-initial elementor-widget elementor-widget-button\" data-id=\"f94a79d\" data-element_type=\"widget\" data-widget_type=\"button.default\">\n\t\t\t\t<div class=\"elementor-widget-container\">\n\t\t\t\t\t<div class=\"elementor-button-wrapper\">\n\t\t\t<a href=\"\/lv\/kontakti\/\" class=\"elementor-button-link elementor-button elementor-size-lg\" role=\"button\">\n\t\t\t\t\t\t<span class=\"elementor-button-content-wrapper\">\n\t\t\t\t\t\t<span class=\"elementor-button-text\">sazin\u0101ties<\/span>\n\t\t<\/span>\n\t\t\t\t\t<\/a>\n\t\t<\/div>\n\t\t\t\t<\/div>\n\t\t\t\t<\/div>\n\t\t\t\t\t<\/div>\n\t\t<\/div>\n\t\t\t\t<div class=\"elementor-column elementor-col-50 elementor-inner-column elementor-element elementor-element-81781c2\" data-id=\"81781c2\" data-element_type=\"column\" data-settings=\"{&quot;background_background&quot;:&quot;classic&quot;}\">\n\t\t\t<div class=\"elementor-widget-wrap elementor-element-populated\">\n\t\t\t\t\t\t\t\t<div class=\"elementor-element elementor-element-b01f319 elementor-widget-mobile__width-initial elementor-widget__width-initial elementor-widget-tablet__width-initial elementor-widget-divider--view-line elementor-widget elementor-widget-divider\" data-id=\"b01f319\" data-element_type=\"widget\" data-widget_type=\"divider.default\">\n\t\t\t\t<div class=\"elementor-widget-container\">\n\t\t\t<style>\/*! elementor - v3.12.1 - 02-04-2023 *\/\n.elementor-widget-divider{--divider-border-style:none;--divider-border-width:1px;--divider-color:#0c0d0e;--divider-icon-size:20px;--divider-element-spacing:10px;--divider-pattern-height:24px;--divider-pattern-size:20px;--divider-pattern-url:none;--divider-pattern-repeat:repeat-x}.elementor-widget-divider .elementor-divider{display:flex}.elementor-widget-divider .elementor-divider__text{font-size:15px;line-height:1;max-width:95%}.elementor-widget-divider .elementor-divider__element{margin:0 var(--divider-element-spacing);flex-shrink:0}.elementor-widget-divider .elementor-icon{font-size:var(--divider-icon-size)}.elementor-widget-divider .elementor-divider-separator{display:flex;margin:0;direction:ltr}.elementor-widget-divider--view-line_icon .elementor-divider-separator,.elementor-widget-divider--view-line_text .elementor-divider-separator{align-items:center}.elementor-widget-divider--view-line_icon .elementor-divider-separator:after,.elementor-widget-divider--view-line_icon .elementor-divider-separator:before,.elementor-widget-divider--view-line_text .elementor-divider-separator:after,.elementor-widget-divider--view-line_text .elementor-divider-separator:before{display:block;content:\"\";border-bottom:0;flex-grow:1;border-top:var(--divider-border-width) var(--divider-border-style) var(--divider-color)}.elementor-widget-divider--element-align-left .elementor-divider .elementor-divider-separator>.elementor-divider__svg:first-of-type{flex-grow:0;flex-shrink:100}.elementor-widget-divider--element-align-left .elementor-divider-separator:before{content:none}.elementor-widget-divider--element-align-left .elementor-divider__element{margin-left:0}.elementor-widget-divider--element-align-right .elementor-divider .elementor-divider-separator>.elementor-divider__svg:last-of-type{flex-grow:0;flex-shrink:100}.elementor-widget-divider--element-align-right .elementor-divider-separator:after{content:none}.elementor-widget-divider--element-align-right .elementor-divider__element{margin-right:0}.elementor-widget-divider:not(.elementor-widget-divider--view-line_text):not(.elementor-widget-divider--view-line_icon) .elementor-divider-separator{border-top:var(--divider-border-width) var(--divider-border-style) var(--divider-color)}.elementor-widget-divider--separator-type-pattern{--divider-border-style:none}.elementor-widget-divider--separator-type-pattern.elementor-widget-divider--view-line .elementor-divider-separator,.elementor-widget-divider--separator-type-pattern:not(.elementor-widget-divider--view-line) .elementor-divider-separator:after,.elementor-widget-divider--separator-type-pattern:not(.elementor-widget-divider--view-line) .elementor-divider-separator:before,.elementor-widget-divider--separator-type-pattern:not([class*=elementor-widget-divider--view]) .elementor-divider-separator{width:100%;min-height:var(--divider-pattern-height);-webkit-mask-size:var(--divider-pattern-size) 100%;mask-size:var(--divider-pattern-size) 100%;-webkit-mask-repeat:var(--divider-pattern-repeat);mask-repeat:var(--divider-pattern-repeat);background-color:var(--divider-color);-webkit-mask-image:var(--divider-pattern-url);mask-image:var(--divider-pattern-url)}.elementor-widget-divider--no-spacing{--divider-pattern-size:auto}.elementor-widget-divider--bg-round{--divider-pattern-repeat:round}.rtl .elementor-widget-divider .elementor-divider__text{direction:rtl}.e-con-inner>.elementor-widget-divider,.e-con>.elementor-widget-divider{width:var(--container-widget-width,100%);--flex-grow:var(--container-widget-flex-grow)}<\/style>\t\t<div class=\"elementor-divider\">\n\t\t\t<span class=\"elementor-divider-separator\">\n\t\t\t\t\t\t<\/span>\n\t\t<\/div>\n\t\t\t\t<\/div>\n\t\t\t\t<\/div>\n\t\t\t\t\t<\/div>\n\t\t<\/div>\n\t\t\t\t\t\t\t<\/div>\n\t\t<\/section>\n\t\t\t\t\t<\/div>\n\t\t<\/div>\n\t\t\t\t<div class=\"elementor-column elementor-col-50 elementor-top-column elementor-element elementor-element-6930eeb\" data-id=\"6930eeb\" data-element_type=\"column\">\n\t\t\t<div class=\"elementor-widget-wrap elementor-element-populated\">\n\t\t\t\t\t\t\t\t<div class=\"elementor-element elementor-element-add836e elementor-widget-laptop__width-initial elementor-widget elementor-widget-image\" data-id=\"add836e\" data-element_type=\"widget\" data-widget_type=\"image.default\">\n\t\t\t\t<div class=\"elementor-widget-container\">\n\t\t\t\t\t\t\t\t\t\t\t\t\t\t\t<img loading=\"lazy\" decoding=\"async\" width=\"214\" height=\"170\" src=\"https:\/\/www.lvrflote.lv\/wp-content\/uploads\/2023\/07\/promo-image-1.png\" class=\"attachment-large size-large wp-image-1111\" alt=\"\" srcset=\"https:\/\/www.lvrflote.lv\/wp-content\/uploads\/2023\/07\/promo-image-1.png 214w, https:\/\/www.lvrflote.lv\/wp-content\/uploads\/2023\/07\/elementor\/thumbs\/promo-image-1-q8whylovuel2bsausqy6wlt4ee635bztwba0lbjfgy.png 107w\" sizes=\"auto, (max-width: 214px) 100vw, 214px\" \/>\t\t\t\t\t\t\t\t\t\t\t\t\t\t\t<\/div>\n\t\t\t\t<\/div>\n\t\t\t\t\t<\/div>\n\t\t<\/div>\n\t\t\t\t\t\t\t<\/div>\n\t\t<\/section>\n\t\t\t\t\t\t\t<\/div>\n\t\t","protected":false},"excerpt":{"rendered":"<p>Nodok\u013cu maks\u0101jumi Nodok\u013ci 2020 2021 2022 2023 2024 Uz\u0146\u0113mumu ien\u0101kuma nodoklis 1 807 908 1 761 1 648 2 370 Pievienot\u0101s v\u0113rt\u012bbas nodoklis 788 257 2 352 688 706 039 1 015 525 1 284 335 Iedz\u012bvot\u0101ju ien\u0101kuma nodoklis 497 823 531 028 579 172 614 875 641 449 Valsts soci\u0101l\u0101s apdro\u0161in\u0101\u0161anas iemaksas 959 016 [&hellip;]<\/p>\n","protected":false},"author":1,"featured_media":0,"parent":6481,"menu_order":0,"comment_status":"closed","ping_status":"closed","template":"","meta":{"footnotes":""},"class_list":["post-8031","page","type-page","status-publish","hentry"],"_links":{"self":[{"href":"https:\/\/www.lvrflote.lv\/lv\/wp-json\/wp\/v2\/pages\/8031","targetHints":{"allow":["GET"]}}],"collection":[{"href":"https:\/\/www.lvrflote.lv\/lv\/wp-json\/wp\/v2\/pages"}],"about":[{"href":"https:\/\/www.lvrflote.lv\/lv\/wp-json\/wp\/v2\/types\/page"}],"author":[{"embeddable":true,"href":"https:\/\/www.lvrflote.lv\/lv\/wp-json\/wp\/v2\/users\/1"}],"replies":[{"embeddable":true,"href":"https:\/\/www.lvrflote.lv\/lv\/wp-json\/wp\/v2\/comments?post=8031"}],"version-history":[{"count":30,"href":"https:\/\/www.lvrflote.lv\/lv\/wp-json\/wp\/v2\/pages\/8031\/revisions"}],"predecessor-version":[{"id":11576,"href":"https:\/\/www.lvrflote.lv\/lv\/wp-json\/wp\/v2\/pages\/8031\/revisions\/11576"}],"up":[{"embeddable":true,"href":"https:\/\/www.lvrflote.lv\/lv\/wp-json\/wp\/v2\/pages\/6481"}],"wp:attachment":[{"href":"https:\/\/www.lvrflote.lv\/lv\/wp-json\/wp\/v2\/media?parent=8031"}],"curies":[{"name":"wp","href":"https:\/\/api.w.org\/{rel}","templated":true}]}}