{"id":7526,"date":"2023-07-27T05:09:14","date_gmt":"2023-07-27T05:09:14","guid":{"rendered":"https:\/\/www.lvrflote.lv\/?page_id=7526"},"modified":"2024-10-14T08:43:42","modified_gmt":"2024-10-14T06:43:42","slug":"dibinasanas-dati","status":"publish","type":"page","link":"https:\/\/www.lvrflote.lv\/lv\/par-mums\/dibinasanas-dati\/","title":{"rendered":"Dibin\u0101\u0161anas dati"},"content":{"rendered":"\t\t<div data-elementor-type=\"wp-page\" data-elementor-id=\"7526\" class=\"elementor elementor-7526\">\n\t\t\t\t\t\t\t\t\t<section class=\"elementor-section elementor-top-section elementor-element elementor-element-22155e6 elementor-section-full_width elementor-section-height-default elementor-section-height-default\" data-id=\"22155e6\" data-element_type=\"section\" data-settings=\"{&quot;background_background&quot;:&quot;classic&quot;}\">\n\t\t\t\t\t\t<div class=\"elementor-container elementor-column-gap-default\">\n\t\t\t\t\t<div class=\"elementor-column elementor-col-100 elementor-top-column elementor-element elementor-element-80fe736\" data-id=\"80fe736\" data-element_type=\"column\">\n\t\t\t<div class=\"elementor-widget-wrap elementor-element-populated\">\n\t\t\t\t\t\t\t\t<div class=\"elementor-element elementor-element-97ab6a6 elementor-widget__width-auto elementor-widget elementor-widget-heading\" data-id=\"97ab6a6\" data-element_type=\"widget\" data-widget_type=\"heading.default\">\n\t\t\t\t<div class=\"elementor-widget-container\">\n\t\t\t<style>\/*! elementor - v3.12.1 - 02-04-2023 *\/\n.elementor-heading-title{padding:0;margin:0;line-height:1}.elementor-widget-heading .elementor-heading-title[class*=elementor-size-]>a{color:inherit;font-size:inherit;line-height:inherit}.elementor-widget-heading .elementor-heading-title.elementor-size-small{font-size:15px}.elementor-widget-heading .elementor-heading-title.elementor-size-medium{font-size:19px}.elementor-widget-heading .elementor-heading-title.elementor-size-large{font-size:29px}.elementor-widget-heading .elementor-heading-title.elementor-size-xl{font-size:39px}.elementor-widget-heading .elementor-heading-title.elementor-size-xxl{font-size:59px}<\/style><h1 class=\"elementor-heading-title elementor-size-default\">Dibin\u0101\u0161anas dati<\/h1>\t\t<\/div>\n\t\t\t\t<\/div>\n\t\t\t\t<div class=\"elementor-element elementor-element-8553a72 elementor-widget__width-auto elementor-widget-mobile__width-inherit elementor-widget elementor-widget-image\" data-id=\"8553a72\" data-element_type=\"widget\" data-widget_type=\"image.default\">\n\t\t\t\t<div class=\"elementor-widget-container\">\n\t\t\t<style>\/*! elementor - v3.12.1 - 02-04-2023 *\/\n.elementor-widget-image{text-align:center}.elementor-widget-image a{display:inline-block}.elementor-widget-image a img[src$=\".svg\"]{width:48px}.elementor-widget-image img{vertical-align:middle;display:inline-block}<\/style>\t\t\t\t\t\t\t\t\t\t\t\t<img loading=\"lazy\" decoding=\"async\" width=\"144\" height=\"23\" src=\"https:\/\/www.lvrflote.lv\/wp-content\/uploads\/2023\/07\/download.svg\" class=\"attachment-large size-large wp-image-702\" alt=\"\" \/>\t\t\t\t\t\t\t\t\t\t\t\t\t\t\t<\/div>\n\t\t\t\t<\/div>\n\t\t\t\t<div class=\"elementor-element elementor-element-d287978 elementor-widget elementor-widget-shortcode\" data-id=\"d287978\" data-element_type=\"widget\" data-widget_type=\"shortcode.default\">\n\t\t\t\t<div class=\"elementor-widget-container\">\n\t\t\t\t\t<div class=\"elementor-shortcode\"><nav aria-label=\"breadcrumbs\" class=\"rank-math-breadcrumb\"><p><span class=\"last\">S\u0101kums<\/span><\/p><\/nav><\/div>\n\t\t\t\t<\/div>\n\t\t\t\t<\/div>\n\t\t\t\t\t<\/div>\n\t\t<\/div>\n\t\t\t\t\t\t\t<\/div>\n\t\t<\/section>\n\t\t\t\t<section class=\"elementor-section elementor-top-section elementor-element elementor-element-61daad0 elementor-section-full_width financial-statment-wrapper financial-statment-wrapper2 elementor-section-height-default elementor-section-height-default\" data-id=\"61daad0\" data-element_type=\"section\">\n\t\t\t\t\t\t<div class=\"elementor-container elementor-column-gap-default\">\n\t\t\t\t\t<div class=\"elementor-column elementor-col-50 elementor-top-column elementor-element elementor-element-c02b379 col-left\" data-id=\"c02b379\" data-element_type=\"column\" data-settings=\"{&quot;background_background&quot;:&quot;classic&quot;}\">\n\t\t\t<div class=\"elementor-widget-wrap elementor-element-populated\">\n\t\t\t\t\t\t\t\t<section class=\"elementor-section elementor-inner-section elementor-element elementor-element-c8e0a2d elementor-section-boxed elementor-section-height-default elementor-section-height-default\" data-id=\"c8e0a2d\" data-element_type=\"section\" data-settings=\"{&quot;background_background&quot;:&quot;classic&quot;}\">\n\t\t\t\t\t\t<div class=\"elementor-container elementor-column-gap-default\">\n\t\t\t\t\t<div class=\"elementor-column elementor-col-100 elementor-inner-column elementor-element elementor-element-967de53\" data-id=\"967de53\" data-element_type=\"column\">\n\t\t\t<div class=\"elementor-widget-wrap elementor-element-populated\">\n\t\t\t\t\t\t\t\t<div class=\"elementor-element elementor-element-934ae99 elementor-widget elementor-widget-nav-menu\" data-id=\"934ae99\" data-element_type=\"widget\" data-settings=\"{&quot;layout&quot;:&quot;dropdown&quot;,&quot;submenu_icon&quot;:{&quot;value&quot;:&quot;&lt;i class=\\&quot;fas fa-chevron-down\\&quot;&gt;&lt;\\\/i&gt;&quot;,&quot;library&quot;:&quot;fa-solid&quot;}}\" data-widget_type=\"nav-menu.default\">\n\t\t\t\t<div class=\"elementor-widget-container\">\n\t\t\t<link rel=\"stylesheet\" href=\"https:\/\/www.lvrflote.lv\/wp-content\/uploads\/elementor\/css\/custom-pro-widget-nav-menu.min.css?ver=1728886528\">\t\t\t<nav class=\"elementor-nav-menu--dropdown elementor-nav-menu__container\" aria-hidden=\"true\">\n\t\t\t\t<ul id=\"menu-2-934ae99\" class=\"elementor-nav-menu\"><li class=\"menu-item menu-item-type-custom menu-item-object-custom menu-item-has-children menu-item-6466\"><a href=\"#\" class=\"elementor-item elementor-item-anchor\" tabindex=\"-1\">TOP<\/a>\n<ul class=\"sub-menu elementor-nav-menu--dropdown\">\n\t<li class=\"menu-item menu-item-type-post_type menu-item-object-page menu-item-7549\"><a href=\"https:\/\/www.lvrflote.lv\/lv\/par-mums\/dibinasanas-dati\/\" class=\"elementor-sub-item\" tabindex=\"-1\">Dibin\u0101\u0161anas dati<\/a><\/li>\n\t<li class=\"menu-item menu-item-type-post_type menu-item-object-page menu-item-7548\"><a href=\"https:\/\/www.lvrflote.lv\/lv\/par-mums\/parvaldibas-principi\/\" class=\"elementor-sub-item\" tabindex=\"-1\">P\u0101rvald\u012bbas principi<\/a><\/li>\n\t<li class=\"menu-item menu-item-type-post_type menu-item-object-page menu-item-7547\"><a href=\"https:\/\/www.lvrflote.lv\/lv\/par-mums\/valde\/\" class=\"elementor-sub-item\" tabindex=\"-1\">Valde<\/a><\/li>\n\t<li class=\"menu-item menu-item-type-post_type menu-item-object-page menu-item-11290\"><a href=\"https:\/\/www.lvrflote.lv\/lv\/par-mums\/komanda\/\" class=\"elementor-sub-item\" tabindex=\"-1\">Komanda<\/a><\/li>\n\t<li class=\"menu-item menu-item-type-post_type menu-item-object-page menu-item-7546\"><a href=\"https:\/\/www.lvrflote.lv\/lv\/par-mums\/strategiskais-ietvars\/\" class=\"elementor-sub-item\" tabindex=\"-1\">Strat\u0113\u0123iskais ietvars<\/a><\/li>\n\t<li class=\"menu-item menu-item-type-post_type menu-item-object-page menu-item-7545\"><a href=\"https:\/\/www.lvrflote.lv\/lv\/par-mums\/pamatdarbibas-raditaji\/\" class=\"elementor-sub-item\" tabindex=\"-1\">Pamatdarb\u012bbas r\u0101d\u012bt\u0101ji<\/a><\/li>\n\t<li class=\"menu-item menu-item-type-post_type menu-item-object-page menu-item-7543\"><a href=\"https:\/\/www.lvrflote.lv\/lv\/par-mums\/kvalitates-vadiba\/\" class=\"elementor-sub-item\" tabindex=\"-1\">Kvalit\u0101tes vad\u012bba<\/a><\/li>\n\t<li class=\"menu-item menu-item-type-post_type menu-item-object-page menu-item-7542\"><a href=\"https:\/\/www.lvrflote.lv\/lv\/par-mums\/uznemuma-dokumenti\/\" class=\"elementor-sub-item\" tabindex=\"-1\">Uz\u0146\u0113muma dokumenti<\/a><\/li>\n<\/ul>\n<\/li>\n<\/ul>\t\t\t<\/nav>\n\t\t\t\t<\/div>\n\t\t\t\t<\/div>\n\t\t\t\t\t<\/div>\n\t\t<\/div>\n\t\t\t\t\t\t\t<\/div>\n\t\t<\/section>\n\t\t\t\t\t<\/div>\n\t\t<\/div>\n\t\t\t\t<div class=\"elementor-column elementor-col-50 elementor-top-column elementor-element elementor-element-3999607 col-right\" data-id=\"3999607\" data-element_type=\"column\">\n\t\t\t<div class=\"elementor-widget-wrap elementor-element-populated\">\n\t\t\t\t\t\t\t\t<section class=\"elementor-section elementor-inner-section elementor-element elementor-element-ff033ea col-right-inner elementor-section-boxed elementor-section-height-default elementor-section-height-default\" data-id=\"ff033ea\" data-element_type=\"section\">\n\t\t\t\t\t\t<div class=\"elementor-container elementor-column-gap-default\">\n\t\t\t\t\t<div class=\"elementor-column elementor-col-100 elementor-inner-column elementor-element elementor-element-df593e3\" data-id=\"df593e3\" data-element_type=\"column\">\n\t\t\t<div class=\"elementor-widget-wrap elementor-element-populated\">\n\t\t\t\t\t\t\t\t<div class=\"elementor-element elementor-element-09c3d59 elementor-widget__width-initial elementor-widget elementor-widget-heading\" data-id=\"09c3d59\" data-element_type=\"widget\" data-widget_type=\"heading.default\">\n\t\t\t\t<div class=\"elementor-widget-container\">\n\t\t\t<h2 class=\"elementor-heading-title elementor-size-default\">Dibin\u0101\u0161anas dati<\/h2>\t\t<\/div>\n\t\t\t\t<\/div>\n\t\t\t\t<div class=\"elementor-element elementor-element-553a19f link-color elementor-widget elementor-widget-text-editor\" data-id=\"553a19f\" data-element_type=\"widget\" data-widget_type=\"text-editor.default\">\n\t\t\t\t<div class=\"elementor-widget-container\">\n\t\t\t<style>\/*! elementor - v3.12.1 - 02-04-2023 *\/\n.elementor-widget-text-editor.elementor-drop-cap-view-stacked .elementor-drop-cap{background-color:#69727d;color:#fff}.elementor-widget-text-editor.elementor-drop-cap-view-framed .elementor-drop-cap{color:#69727d;border:3px solid;background-color:transparent}.elementor-widget-text-editor:not(.elementor-drop-cap-view-default) .elementor-drop-cap{margin-top:8px}.elementor-widget-text-editor:not(.elementor-drop-cap-view-default) .elementor-drop-cap-letter{width:1em;height:1em}.elementor-widget-text-editor .elementor-drop-cap{float:left;text-align:center;line-height:1;font-size:50px}.elementor-widget-text-editor .elementor-drop-cap-letter{display:inline-block}<\/style>\t\t\t\t<p>Sabiedr\u012bba ar ierobe\u017eotu atbild\u012bbu \u201cLVR Flote\u201d (iepriek\u0161 \u201cR\u012aGAS BR\u012aVOSTAS FLOTE\u201d) ir kapit\u0101lsabiedr\u012bba, kur 100% kapit\u0101la da\u013cas pieder R\u012bgas br\u012bvostas p\u0101rvaldei. LVR Flote ir dibin\u0101ta un ierakst\u012bta Komercre\u0123istr\u0101 2010. gada 13. septembr\u012b.<\/p>\t\t\t\t\t\t<\/div>\n\t\t\t\t<\/div>\n\t\t\t\t<div class=\"elementor-element elementor-element-e1bb02b link-color elementor-widget elementor-widget-text-editor\" data-id=\"e1bb02b\" data-element_type=\"widget\" data-widget_type=\"text-editor.default\">\n\t\t\t\t<div class=\"elementor-widget-container\">\n\t\t\t\t\t\t\t<p><a href=\"https:\/\/rop.lv\/lv\" rel=\"nofollow noopener\" target=\"_blank\">R\u012bgas br\u012bvostas p\u0101rvalde<\/a> ir atvasin\u0101ta publisko ties\u012bbu juridisk\u0101 persona, kas p\u0101rvalda R\u012bgas br\u012bvostu. Atbilsto\u0161i Valsts p\u0101rvaldes iek\u0101rtas likuma nosac\u012bjumiem, lai nodro\u0161in\u0101tu Ostu likum\u0101 R\u012bgas br\u012bvostas p\u0101rvaldei noteikto funkciju efekt\u012bvu izpildi, 2010.gad\u0101 tika dibin\u0101ta kapit\u0101lsabiedr\u012bba LVR Flote ar m\u0113r\u0137i sniegt kvalitat\u012bvus, dro\u0161us un daudzpus\u012bgus pakalpojumus R\u012bgas br\u012bvostas akvatorij\u0101 ien\u0101ko\u0161ajiem ku\u0123iem, to \u012bpa\u0161niekiem un a\u0123ent\u0113\u0161anas komp\u0101nij\u0101m.<\/p>\t\t\t\t\t\t<\/div>\n\t\t\t\t<\/div>\n\t\t\t\t<div class=\"elementor-element elementor-element-a3d20eb link-color elementor-widget elementor-widget-text-editor\" data-id=\"a3d20eb\" data-element_type=\"widget\" data-widget_type=\"text-editor.default\">\n\t\t\t\t<div class=\"elementor-widget-container\">\n\t\t\t\t\t\t\t\t\t\t\t\t\t<\/div>\n\t\t\t\t<\/div>\n\t\t\t\t<div class=\"elementor-element elementor-element-721abac link-color elementor-widget elementor-widget-text-editor\" data-id=\"721abac\" data-element_type=\"widget\" data-widget_type=\"text-editor.default\">\n\t\t\t\t<div class=\"elementor-widget-container\">\n\t\t\t\t\t\t\t<p>LVR Flote t\u0101s vair\u0101k nek\u0101 10 gadu darb\u012bbas laik\u0101 ir att\u012bst\u012bjusies par daudzpus\u012bgu un sp\u0113c\u012bgu ostas tehnisko pakalpojumu sniedz\u0113ju, kas \u0161obr\u012bd veiksm\u012bgi darbojas hidrogr\u0101fijas, navig\u0101cijas, ledus lau\u0161anas, ku\u0123u iznom\u0101\u0161anas, un ostas infrastrukt\u016bras apsaimnieko\u0161anas virzienos.<\/p>\t\t\t\t\t\t<\/div>\n\t\t\t\t<\/div>\n\t\t\t\t<div class=\"elementor-element elementor-element-2375713 link-color elementor-widget elementor-widget-text-editor\" data-id=\"2375713\" data-element_type=\"widget\" data-widget_type=\"text-editor.default\">\n\t\t\t\t<div class=\"elementor-widget-container\">\n\t\t\t\t\t\t\t<p>Lai nodro\u0161in\u0101tu Ostu likum\u0101 R\u012bgas br\u012bvostas p\u0101rvaldei noteikto funkciju efekt\u012bvu izpildi, 2022.gad\u0101<strong><span style=\"color: #007dfa;\"> kapit\u0101la da\u013cu tur\u0113t\u0101js ir noteicis LVR Flote \u0161\u0101dus visp\u0101r\u0113jos strat\u0113\u0123iskos m\u0113r\u0137us:<\/span><\/strong><\/p>\t\t\t\t\t\t<\/div>\n\t\t\t\t<\/div>\n\t\t\t\t<div class=\"elementor-element elementor-element-f7116d3 link-color elementor-widget elementor-widget-text-editor\" data-id=\"f7116d3\" data-element_type=\"widget\" data-widget_type=\"text-editor.default\">\n\t\t\t\t<div class=\"elementor-widget-container\">\n\t\t\t\t\t\t\t<ol><li>ziemas navig\u0101cijas nodro\u0161in\u0101\u0161ana R\u012bgas br\u012bvostas atbild\u012bbas rajon\u0101, veicot ledus lau\u0161anu ar sav\u0101 \u012bpa\u0161um\u0101 eso\u0161ajiem ku\u0123o\u0161anas l\u012bdzek\u013ciem;<\/li><li>R\u012bgas br\u012bvostas akvatorij\u0101 radu\u0161os pies\u0101r\u0146ojuma seku likvid\u0113\u0161ana, piedal\u012b\u0161an\u0101s pies\u0101r\u0146ojuma seku likvid\u0113\u0161an\u0101 j\u016br\u0101;<\/li><li>R\u012bgas br\u012bvostas p\u0101rvaldes \u012bpa\u0161um\u0101 un vald\u012bjum\u0101 nodot\u0101 \u012bpa\u0161uma apsaimnieko\u0161ana;<\/li><li>R\u012bgas br\u012bvostas vienot\u0101s tehnisk\u0101s dro\u0161\u012bbas sist\u0113mas iek\u0101rtu uztur\u0113\u0161ana un apkalpo\u0161ana.<\/li><\/ol>\t\t\t\t\t\t<\/div>\n\t\t\t\t<\/div>\n\t\t\t\t<div class=\"elementor-element elementor-element-d1d3580 link-color elementor-widget elementor-widget-text-editor\" data-id=\"d1d3580\" data-element_type=\"widget\" data-widget_type=\"text-editor.default\">\n\t\t\t\t<div class=\"elementor-widget-container\">\n\t\t\t\t\t\t\t<p>LVR Flote ir saisto\u0161s tiesiskais regul\u0113jums, kas attiecas uz atvasin\u0101tu publisko ties\u012bbu juridiskas personas kapit\u0101lsabiedr\u012bb\u0101m. LVR Flote saimniecisk\u0101 darb\u012bba tiek veikta saska\u0146\u0101 ar sp\u0113k\u0101 eso\u0161o nacion\u0101lo likumdo\u0161anu, starptautiskajiem j\u016brniec\u012bbas nozares kodeksiem, standartiem un vadl\u012bnij\u0101m. LVR Flote nodro\u0161ina atbilst\u012bbu oblig\u0101taj\u0101m pras\u012bb\u0101m darb\u012bbas kvalit\u0101tes, dro\u0161\u012bbas un vides aizsardz\u012bbas jom\u0101s.<\/p>\t\t\t\t\t\t<\/div>\n\t\t\t\t<\/div>\n\t\t\t\t<section class=\"elementor-section elementor-inner-section elementor-element elementor-element-92c4838 elementor-section-full_width elementor-section-height-default elementor-section-height-default\" data-id=\"92c4838\" data-element_type=\"section\">\n\t\t\t\t\t\t<div class=\"elementor-container elementor-column-gap-default\">\n\t\t\t\t\t<div class=\"elementor-column elementor-col-100 elementor-inner-column elementor-element elementor-element-edf12e1\" data-id=\"edf12e1\" data-element_type=\"column\">\n\t\t\t<div class=\"elementor-widget-wrap\">\n\t\t\t\t\t\t\t\t\t<\/div>\n\t\t<\/div>\n\t\t\t\t\t\t\t<\/div>\n\t\t<\/section>\n\t\t\t\t\t<\/div>\n\t\t<\/div>\n\t\t\t\t\t\t\t<\/div>\n\t\t<\/section>\n\t\t\t\t\t<\/div>\n\t\t<\/div>\n\t\t\t\t\t\t\t<\/div>\n\t\t<\/section>\n\t\t\t\t<section class=\"elementor-section elementor-top-section elementor-element elementor-element-5aa50d6 elementor-section-full_width elementor-reverse-mobile elementor-section-content-middle elementor-section-height-default elementor-section-height-default\" data-id=\"5aa50d6\" data-element_type=\"section\" data-settings=\"{&quot;background_background&quot;:&quot;classic&quot;}\">\n\t\t\t\t\t\t<div class=\"elementor-container elementor-column-gap-default\">\n\t\t\t\t\t<div class=\"elementor-column elementor-col-50 elementor-top-column elementor-element elementor-element-975a268\" data-id=\"975a268\" data-element_type=\"column\">\n\t\t\t<div class=\"elementor-widget-wrap elementor-element-populated\">\n\t\t\t\t\t\t\t\t<div class=\"elementor-element elementor-element-fd29346 elementor-widget elementor-widget-text-editor\" data-id=\"fd29346\" data-element_type=\"widget\" data-widget_type=\"text-editor.default\">\n\t\t\t\t<div class=\"elementor-widget-container\">\n\t\t\t\t\t\t\t<p>LVR Flote ir dibin\u0101ta<span style=\"color: #00ce70;\">\u00a02010.gad\u0101<\/span>\u00a0un t\u0101s kapit\u0101la da\u013cu tur\u0113t\u0101js ir R\u012bgas br\u012bvostas p\u0101rvalde<\/p>\t\t\t\t\t\t<\/div>\n\t\t\t\t<\/div>\n\t\t\t\t<section class=\"elementor-section elementor-inner-section elementor-element elementor-element-def2516 elementor-section-boxed elementor-section-height-default elementor-section-height-default\" data-id=\"def2516\" data-element_type=\"section\">\n\t\t\t\t\t\t<div class=\"elementor-container elementor-column-gap-default\">\n\t\t\t\t\t<div class=\"elementor-column elementor-col-50 elementor-inner-column elementor-element elementor-element-e114458\" data-id=\"e114458\" data-element_type=\"column\">\n\t\t\t<div class=\"elementor-widget-wrap elementor-element-populated\">\n\t\t\t\t\t\t\t\t<div class=\"elementor-element elementor-element-e62dcdb elementor-widget-tablet__width-initial elementor-widget-mobile__width-initial elementor-widget elementor-widget-button\" data-id=\"e62dcdb\" data-element_type=\"widget\" data-widget_type=\"button.default\">\n\t\t\t\t<div class=\"elementor-widget-container\">\n\t\t\t\t\t<div class=\"elementor-button-wrapper\">\n\t\t\t<a href=\"\/lv\/kontakti\/\" class=\"elementor-button-link elementor-button elementor-size-lg\" role=\"button\">\n\t\t\t\t\t\t<span class=\"elementor-button-content-wrapper\">\n\t\t\t\t\t\t<span class=\"elementor-button-text\">sazin\u0101ties<\/span>\n\t\t<\/span>\n\t\t\t\t\t<\/a>\n\t\t<\/div>\n\t\t\t\t<\/div>\n\t\t\t\t<\/div>\n\t\t\t\t\t<\/div>\n\t\t<\/div>\n\t\t\t\t<div class=\"elementor-column elementor-col-50 elementor-inner-column elementor-element elementor-element-9cf7613\" data-id=\"9cf7613\" data-element_type=\"column\" data-settings=\"{&quot;background_background&quot;:&quot;classic&quot;}\">\n\t\t\t<div class=\"elementor-widget-wrap elementor-element-populated\">\n\t\t\t\t\t\t\t\t<div class=\"elementor-element elementor-element-5938a24 elementor-widget-mobile__width-initial elementor-widget__width-initial elementor-widget-tablet__width-initial elementor-widget-divider--view-line elementor-widget elementor-widget-divider\" data-id=\"5938a24\" data-element_type=\"widget\" data-widget_type=\"divider.default\">\n\t\t\t\t<div class=\"elementor-widget-container\">\n\t\t\t<style>\/*! elementor - v3.12.1 - 02-04-2023 *\/\n.elementor-widget-divider{--divider-border-style:none;--divider-border-width:1px;--divider-color:#0c0d0e;--divider-icon-size:20px;--divider-element-spacing:10px;--divider-pattern-height:24px;--divider-pattern-size:20px;--divider-pattern-url:none;--divider-pattern-repeat:repeat-x}.elementor-widget-divider .elementor-divider{display:flex}.elementor-widget-divider .elementor-divider__text{font-size:15px;line-height:1;max-width:95%}.elementor-widget-divider .elementor-divider__element{margin:0 var(--divider-element-spacing);flex-shrink:0}.elementor-widget-divider .elementor-icon{font-size:var(--divider-icon-size)}.elementor-widget-divider .elementor-divider-separator{display:flex;margin:0;direction:ltr}.elementor-widget-divider--view-line_icon .elementor-divider-separator,.elementor-widget-divider--view-line_text .elementor-divider-separator{align-items:center}.elementor-widget-divider--view-line_icon .elementor-divider-separator:after,.elementor-widget-divider--view-line_icon .elementor-divider-separator:before,.elementor-widget-divider--view-line_text .elementor-divider-separator:after,.elementor-widget-divider--view-line_text .elementor-divider-separator:before{display:block;content:\"\";border-bottom:0;flex-grow:1;border-top:var(--divider-border-width) var(--divider-border-style) var(--divider-color)}.elementor-widget-divider--element-align-left .elementor-divider .elementor-divider-separator>.elementor-divider__svg:first-of-type{flex-grow:0;flex-shrink:100}.elementor-widget-divider--element-align-left .elementor-divider-separator:before{content:none}.elementor-widget-divider--element-align-left .elementor-divider__element{margin-left:0}.elementor-widget-divider--element-align-right .elementor-divider .elementor-divider-separator>.elementor-divider__svg:last-of-type{flex-grow:0;flex-shrink:100}.elementor-widget-divider--element-align-right .elementor-divider-separator:after{content:none}.elementor-widget-divider--element-align-right .elementor-divider__element{margin-right:0}.elementor-widget-divider:not(.elementor-widget-divider--view-line_text):not(.elementor-widget-divider--view-line_icon) .elementor-divider-separator{border-top:var(--divider-border-width) var(--divider-border-style) var(--divider-color)}.elementor-widget-divider--separator-type-pattern{--divider-border-style:none}.elementor-widget-divider--separator-type-pattern.elementor-widget-divider--view-line .elementor-divider-separator,.elementor-widget-divider--separator-type-pattern:not(.elementor-widget-divider--view-line) .elementor-divider-separator:after,.elementor-widget-divider--separator-type-pattern:not(.elementor-widget-divider--view-line) .elementor-divider-separator:before,.elementor-widget-divider--separator-type-pattern:not([class*=elementor-widget-divider--view]) .elementor-divider-separator{width:100%;min-height:var(--divider-pattern-height);-webkit-mask-size:var(--divider-pattern-size) 100%;mask-size:var(--divider-pattern-size) 100%;-webkit-mask-repeat:var(--divider-pattern-repeat);mask-repeat:var(--divider-pattern-repeat);background-color:var(--divider-color);-webkit-mask-image:var(--divider-pattern-url);mask-image:var(--divider-pattern-url)}.elementor-widget-divider--no-spacing{--divider-pattern-size:auto}.elementor-widget-divider--bg-round{--divider-pattern-repeat:round}.rtl .elementor-widget-divider .elementor-divider__text{direction:rtl}.e-con-inner>.elementor-widget-divider,.e-con>.elementor-widget-divider{width:var(--container-widget-width,100%);--flex-grow:var(--container-widget-flex-grow)}<\/style>\t\t<div class=\"elementor-divider\">\n\t\t\t<span class=\"elementor-divider-separator\">\n\t\t\t\t\t\t<\/span>\n\t\t<\/div>\n\t\t\t\t<\/div>\n\t\t\t\t<\/div>\n\t\t\t\t\t<\/div>\n\t\t<\/div>\n\t\t\t\t\t\t\t<\/div>\n\t\t<\/section>\n\t\t\t\t\t<\/div>\n\t\t<\/div>\n\t\t\t\t<div class=\"elementor-column elementor-col-50 elementor-top-column elementor-element elementor-element-8f0bcc9\" data-id=\"8f0bcc9\" data-element_type=\"column\">\n\t\t\t<div class=\"elementor-widget-wrap elementor-element-populated\">\n\t\t\t\t\t\t\t\t<div class=\"elementor-element elementor-element-a400d8e elementor-widget-laptop__width-initial elementor-widget elementor-widget-image\" data-id=\"a400d8e\" data-element_type=\"widget\" data-widget_type=\"image.default\">\n\t\t\t\t<div class=\"elementor-widget-container\">\n\t\t\t\t\t\t\t\t\t\t\t\t\t\t\t<img loading=\"lazy\" decoding=\"async\" width=\"214\" height=\"170\" src=\"https:\/\/www.lvrflote.lv\/wp-content\/uploads\/2023\/07\/promo-image-1.png\" class=\"attachment-large size-large wp-image-1111\" alt=\"\" srcset=\"https:\/\/www.lvrflote.lv\/wp-content\/uploads\/2023\/07\/promo-image-1.png 214w, https:\/\/www.lvrflote.lv\/wp-content\/uploads\/2023\/07\/elementor\/thumbs\/promo-image-1-q8whylovuel2bsausqy6wlt4ee635bztwba0lbjfgy.png 107w\" sizes=\"auto, (max-width: 214px) 100vw, 214px\" \/>\t\t\t\t\t\t\t\t\t\t\t\t\t\t\t<\/div>\n\t\t\t\t<\/div>\n\t\t\t\t\t<\/div>\n\t\t<\/div>\n\t\t\t\t\t\t\t<\/div>\n\t\t<\/section>\n\t\t\t\t\t\t\t<\/div>\n\t\t","protected":false},"excerpt":{"rendered":"<p>Dibin\u0101\u0161anas dati Sabiedr\u012bba ar ierobe\u017eotu atbild\u012bbu \u201cLVR Flote\u201d (iepriek\u0161 \u201cR\u012aGAS BR\u012aVOSTAS FLOTE\u201d) ir kapit\u0101lsabiedr\u012bba, kur 100% kapit\u0101la da\u013cas pieder R\u012bgas br\u012bvostas p\u0101rvaldei. LVR Flote ir dibin\u0101ta un ierakst\u012bta Komercre\u0123istr\u0101 2010. gada 13. septembr\u012b. R\u012bgas br\u012bvostas p\u0101rvalde ir atvasin\u0101ta publisko ties\u012bbu juridisk\u0101 persona, kas p\u0101rvalda R\u012bgas br\u012bvostu. Atbilsto\u0161i Valsts p\u0101rvaldes iek\u0101rtas likuma nosac\u012bjumiem, lai nodro\u0161in\u0101tu Ostu [&hellip;]<\/p>\n","protected":false},"author":1,"featured_media":0,"parent":6481,"menu_order":0,"comment_status":"closed","ping_status":"closed","template":"","meta":{"footnotes":""},"class_list":["post-7526","page","type-page","status-publish","hentry"],"_links":{"self":[{"href":"https:\/\/www.lvrflote.lv\/lv\/wp-json\/wp\/v2\/pages\/7526","targetHints":{"allow":["GET"]}}],"collection":[{"href":"https:\/\/www.lvrflote.lv\/lv\/wp-json\/wp\/v2\/pages"}],"about":[{"href":"https:\/\/www.lvrflote.lv\/lv\/wp-json\/wp\/v2\/types\/page"}],"author":[{"embeddable":true,"href":"https:\/\/www.lvrflote.lv\/lv\/wp-json\/wp\/v2\/users\/1"}],"replies":[{"embeddable":true,"href":"https:\/\/www.lvrflote.lv\/lv\/wp-json\/wp\/v2\/comments?post=7526"}],"version-history":[{"count":50,"href":"https:\/\/www.lvrflote.lv\/lv\/wp-json\/wp\/v2\/pages\/7526\/revisions"}],"predecessor-version":[{"id":11289,"href":"https:\/\/www.lvrflote.lv\/lv\/wp-json\/wp\/v2\/pages\/7526\/revisions\/11289"}],"up":[{"embeddable":true,"href":"https:\/\/www.lvrflote.lv\/lv\/wp-json\/wp\/v2\/pages\/6481"}],"wp:attachment":[{"href":"https:\/\/www.lvrflote.lv\/lv\/wp-json\/wp\/v2\/media?parent=7526"}],"curies":[{"name":"wp","href":"https:\/\/api.w.org\/{rel}","templated":true}]}}