{"id":6515,"date":"2023-07-04T06:09:35","date_gmt":"2023-07-04T06:09:35","guid":{"rendered":"https:\/\/www.lvrflote.lv\/konfidencialitates-politika\/"},"modified":"2023-07-10T17:46:29","modified_gmt":"2023-07-10T17:46:29","slug":"konfidencialitates-politika","status":"publish","type":"page","link":"https:\/\/www.lvrflote.lv\/lv\/konfidencialitates-politika\/","title":{"rendered":"Konfidencialit\u0101tes politika"},"content":{"rendered":"\t\t<div data-elementor-type=\"wp-page\" data-elementor-id=\"6515\" class=\"elementor elementor-6515 elementor-1190\">\n\t\t\t\t\t\t\t\t\t<section class=\"elementor-section elementor-top-section elementor-element elementor-element-687e90b elementor-section-full_width elementor-section-height-default elementor-section-height-default\" data-id=\"687e90b\" data-element_type=\"section\" data-settings=\"{&quot;background_background&quot;:&quot;classic&quot;}\">\n\t\t\t\t\t\t<div class=\"elementor-container elementor-column-gap-default\">\n\t\t\t\t\t<div class=\"elementor-column elementor-col-100 elementor-top-column elementor-element elementor-element-5d420cb\" data-id=\"5d420cb\" data-element_type=\"column\">\n\t\t\t<div class=\"elementor-widget-wrap elementor-element-populated\">\n\t\t\t\t\t\t\t\t<div class=\"elementor-element elementor-element-ba83531 elementor-widget__width-auto elementor-widget elementor-widget-heading\" data-id=\"ba83531\" data-element_type=\"widget\" data-widget_type=\"heading.default\">\n\t\t\t\t<div class=\"elementor-widget-container\">\n\t\t\t<style>\/*! elementor - v3.12.1 - 02-04-2023 *\/\n.elementor-heading-title{padding:0;margin:0;line-height:1}.elementor-widget-heading .elementor-heading-title[class*=elementor-size-]>a{color:inherit;font-size:inherit;line-height:inherit}.elementor-widget-heading .elementor-heading-title.elementor-size-small{font-size:15px}.elementor-widget-heading .elementor-heading-title.elementor-size-medium{font-size:19px}.elementor-widget-heading .elementor-heading-title.elementor-size-large{font-size:29px}.elementor-widget-heading .elementor-heading-title.elementor-size-xl{font-size:39px}.elementor-widget-heading .elementor-heading-title.elementor-size-xxl{font-size:59px}<\/style><h1 class=\"elementor-heading-title elementor-size-default\">Konfidencialit\u0101tes politika<\/h1>\t\t<\/div>\n\t\t\t\t<\/div>\n\t\t\t\t<div class=\"elementor-element elementor-element-ba3eecb elementor-widget__width-auto elementor-widget-mobile__width-inherit elementor-widget elementor-widget-image\" data-id=\"ba3eecb\" data-element_type=\"widget\" data-widget_type=\"image.default\">\n\t\t\t\t<div class=\"elementor-widget-container\">\n\t\t\t<style>\/*! elementor - v3.12.1 - 02-04-2023 *\/\n.elementor-widget-image{text-align:center}.elementor-widget-image a{display:inline-block}.elementor-widget-image a img[src$=\".svg\"]{width:48px}.elementor-widget-image img{vertical-align:middle;display:inline-block}<\/style>\t\t\t\t\t\t\t\t\t\t\t\t<img loading=\"lazy\" decoding=\"async\" width=\"144\" height=\"23\" src=\"https:\/\/www.lvrflote.lv\/wp-content\/uploads\/2023\/07\/download.svg\" class=\"attachment-large size-large wp-image-702\" alt=\"\" \/>\t\t\t\t\t\t\t\t\t\t\t\t\t\t\t<\/div>\n\t\t\t\t<\/div>\n\t\t\t\t<div class=\"elementor-element elementor-element-1f9a823 elementor-widget elementor-widget-shortcode\" data-id=\"1f9a823\" data-element_type=\"widget\" data-widget_type=\"shortcode.default\">\n\t\t\t\t<div class=\"elementor-widget-container\">\n\t\t\t\t\t<div class=\"elementor-shortcode\"><nav aria-label=\"breadcrumbs\" class=\"rank-math-breadcrumb\"><p><span class=\"last\">S\u0101kums<\/span><\/p><\/nav><\/div>\n\t\t\t\t<\/div>\n\t\t\t\t<\/div>\n\t\t\t\t\t<\/div>\n\t\t<\/div>\n\t\t\t\t\t\t\t<\/div>\n\t\t<\/section>\n\t\t\t\t<section class=\"elementor-section elementor-top-section elementor-element elementor-element-b6eb370 elementor-section-full_width elementor-section-height-default elementor-section-height-default\" data-id=\"b6eb370\" data-element_type=\"section\">\n\t\t\t\t\t\t<div class=\"elementor-container elementor-column-gap-default\">\n\t\t\t\t\t<div class=\"elementor-column elementor-col-100 elementor-top-column elementor-element elementor-element-178f449\" data-id=\"178f449\" data-element_type=\"column\">\n\t\t\t<div class=\"elementor-widget-wrap elementor-element-populated\">\n\t\t\t\t\t\t\t\t<section class=\"elementor-section elementor-inner-section elementor-element elementor-element-62b54f8 elementor-section-full_width elementor-section-height-default elementor-section-height-default\" data-id=\"62b54f8\" data-element_type=\"section\">\n\t\t\t\t\t\t<div class=\"elementor-container elementor-column-gap-default\">\n\t\t\t\t\t<div class=\"elementor-column elementor-col-50 elementor-inner-column elementor-element elementor-element-67ae4e2\" data-id=\"67ae4e2\" data-element_type=\"column\">\n\t\t\t<div class=\"elementor-widget-wrap elementor-element-populated\">\n\t\t\t\t\t\t\t\t<div class=\"elementor-element elementor-element-2cd1145 elementor-absolute elementor-hidden-desktop elementor-hidden-laptop elementor-hidden-tablet elementor-widget elementor-widget-image\" data-id=\"2cd1145\" data-element_type=\"widget\" data-settings=\"{&quot;_position&quot;:&quot;absolute&quot;}\" data-widget_type=\"image.default\">\n\t\t\t\t<div class=\"elementor-widget-container\">\n\t\t\t\t\t\t\t\t\t\t\t\t\t\t\t<img loading=\"lazy\" decoding=\"async\" width=\"800\" height=\"798\" src=\"https:\/\/www.lvrflote.lv\/wp-content\/uploads\/2023\/07\/circle-1-1024x1022.png\" class=\"attachment-large size-large wp-image-85\" alt=\"\" srcset=\"https:\/\/www.lvrflote.lv\/wp-content\/uploads\/2023\/07\/circle-1-1024x1022.png 1024w, https:\/\/www.lvrflote.lv\/wp-content\/uploads\/2023\/07\/circle-1-300x300.png 300w, https:\/\/www.lvrflote.lv\/wp-content\/uploads\/2023\/07\/circle-1-150x150.png 150w, https:\/\/www.lvrflote.lv\/wp-content\/uploads\/2023\/07\/circle-1-768x766.png 768w, https:\/\/www.lvrflote.lv\/wp-content\/uploads\/2023\/07\/circle-1.png 1300w\" sizes=\"auto, (max-width: 800px) 100vw, 800px\" \/>\t\t\t\t\t\t\t\t\t\t\t\t\t\t\t<\/div>\n\t\t\t\t<\/div>\n\t\t\t\t<div class=\"elementor-element elementor-element-9b46b79 elementor-widget elementor-widget-heading\" data-id=\"9b46b79\" data-element_type=\"widget\" data-widget_type=\"heading.default\">\n\t\t\t\t<div class=\"elementor-widget-container\">\n\t\t\t<h2 class=\"elementor-heading-title elementor-size-default\">1.1 L\u012bgums<\/h2>\t\t<\/div>\n\t\t\t\t<\/div>\n\t\t\t\t<div class=\"elementor-element elementor-element-d50d3b7 elementor-widget__width-initial elementor-widget elementor-widget-text-editor\" data-id=\"d50d3b7\" data-element_type=\"widget\" data-widget_type=\"text-editor.default\">\n\t\t\t\t<div class=\"elementor-widget-container\">\n\t\t\t<style>\/*! elementor - v3.12.1 - 02-04-2023 *\/\n.elementor-widget-text-editor.elementor-drop-cap-view-stacked .elementor-drop-cap{background-color:#69727d;color:#fff}.elementor-widget-text-editor.elementor-drop-cap-view-framed .elementor-drop-cap{color:#69727d;border:3px solid;background-color:transparent}.elementor-widget-text-editor:not(.elementor-drop-cap-view-default) .elementor-drop-cap{margin-top:8px}.elementor-widget-text-editor:not(.elementor-drop-cap-view-default) .elementor-drop-cap-letter{width:1em;height:1em}.elementor-widget-text-editor .elementor-drop-cap{float:left;text-align:center;line-height:1;font-size:50px}.elementor-widget-text-editor .elementor-drop-cap-letter{display:inline-block}<\/style>\t\t\t\t<p>J\u016bs piekr\u012btat, ka, noklik\u0161\u0137inot uz &#8220;Join Now&#8221;, &#8220;Join LinkedIn&#8221;, &#8220;Sign Up&#8221; vai l\u012bdz\u012bgi, re\u0123istr\u0113joties, piek\u013c\u016bstot vai izmantojot m\u016bsu pakalpojumus (aprakst\u012bti t\u0101l\u0101k), j\u016bs piekr\u012btat nosl\u0113gt juridiski saisto\u0161u l\u012bgumu ar LinkedIn (pat ja j\u016bs izmantojat m\u016bsu pakalpojumus uz\u0146\u0113muma v\u0101rd\u0101). Ja nepiekr\u012btat \u0161im l\u012bgumam (&#8220;L\u012bgums&#8221; vai &#8220;Lietot\u0101ja l\u012bgums&#8221;), nespie\u017eiet &#8220;Pievienoties tagad&#8221; (vai taml\u012bdz\u012bgi) un nepiek\u013c\u016bstiet vai cit\u0101di neizmantojiet m\u016bsu Pakalpojumus. Ja v\u0113laties izbeigt \u0161o l\u012bgumu, jebkur\u0101 laik\u0101 varat to izdar\u012bt, aizverot savu kontu un p\u0101rtraucot piek\u013c\u016bt m\u016bsu Pakalpojumiem vai tos izmantot.<\/p>\n\t\t\t\t\t\t<\/div>\n\t\t\t\t<\/div>\n\t\t\t\t<div class=\"elementor-element elementor-element-bc13c2e elementor-widget elementor-widget-heading\" data-id=\"bc13c2e\" data-element_type=\"widget\" data-widget_type=\"heading.default\">\n\t\t\t\t<div class=\"elementor-widget-container\">\n\t\t\t<h2 class=\"elementor-heading-title elementor-size-default\">Pakalpojumi<\/h2>\t\t<\/div>\n\t\t\t\t<\/div>\n\t\t\t\t<div class=\"elementor-element elementor-element-588fd18 elementor-widget__width-initial elementor-widget elementor-widget-text-editor\" data-id=\"588fd18\" data-element_type=\"widget\" data-widget_type=\"text-editor.default\">\n\t\t\t\t<div class=\"elementor-widget-container\">\n\t\t\t\t\t\t\t<p>\u0160is L\u012bgums attiecas uz vietni LinkedIn.com, LinkedIn z\u012bmola lietotn\u0113m, LinkedIn Learning un cit\u0101m ar LinkedIn saist\u012bt\u0101m vietn\u0113m, lietotn\u0113m, sazi\u0146u un citiem pakalpojumiem, kuros nor\u0101d\u012bts, ka tie tiek pied\u0101v\u0101ti saska\u0146\u0101 ar \u0161o L\u012bgumu (&#8220;Pakalpojumi&#8221;), tostarp uz datu v\u0101k\u0161anu \u0101rpus vietnes \u0161o Pakalpojumu vajadz\u012bb\u0101m, piem\u0113ram, m\u016bsu rekl\u0101m\u0101m un spraud\u0146iem &#8220;Piesakies ar LinkedIn&#8221; un &#8220;Kop\u012bgot ar LinkedIn&#8221;. M\u016bsu Pakalpojumu re\u0123istr\u0113tie lietot\u0101ji ir &#8220;Dal\u012bbnieki&#8221;, bet nere\u0123istr\u0113tie lietot\u0101ji ir &#8220;Apmekl\u0113t\u0101ji&#8221;.<\/p>\n\t\t\t\t\t\t<\/div>\n\t\t\t\t<\/div>\n\t\t\t\t<div class=\"elementor-element elementor-element-862576b elementor-widget elementor-widget-heading\" data-id=\"862576b\" data-element_type=\"widget\" data-widget_type=\"heading.default\">\n\t\t\t\t<div class=\"elementor-widget-container\">\n\t\t\t<h2 class=\"elementor-heading-title elementor-size-default\">Panta nosaukums<\/h2>\t\t<\/div>\n\t\t\t\t<\/div>\n\t\t\t\t<div class=\"elementor-element elementor-element-43402c0 elementor-widget__width-initial elementor-widget elementor-widget-text-editor\" data-id=\"43402c0\" data-element_type=\"widget\" data-widget_type=\"text-editor.default\">\n\t\t\t\t<div class=\"elementor-widget-container\">\n\t\t\t\t\t\t\t<p>J\u016bs nosl\u0113dzat \u0161o L\u012bgumu ar LinkedIn (saukts ar\u012b &#8220;m\u0113s&#8221; un &#8220;m\u016bs&#8221;). Terminu &#8220;izraudz\u012bt\u0101s valstis&#8221; m\u0113s lietojam, lai apz\u012bm\u0113tu Eiropas Savien\u012bbas (ES), Eiropas Ekonomikas zonas (EEZ) un \u0160veices valstis.<\/p>\n\t\t\t\t\t\t<\/div>\n\t\t\t\t<\/div>\n\t\t\t\t<div class=\"elementor-element elementor-element-7214f70 elementor-widget__width-initial elementor-widget elementor-widget-text-editor\" data-id=\"7214f70\" data-element_type=\"widget\" data-widget_type=\"text-editor.default\">\n\t\t\t\t<div class=\"elementor-widget-container\">\n\t\t\t\t\t\t\t<p>Ja j\u016bs dz\u012bvojat &#8220;nor\u0101d\u012btaj\u0101s valst\u012bs&#8221;, j\u016bs nosl\u0113dzat \u0161o L\u012bgumu ar LinkedIn Ireland Unlimited Company (&#8220;LinkedIn Ireland&#8221;), un LinkedIn Ireland b\u016bs j\u016bsu personas datu p\u0101rzinis, kas tiek sniegti, apkopoti vai apstr\u0101d\u0101ti saist\u012bb\u0101 ar m\u016bsu Pakalpojumiem.<\/p>\n\t\t\t\t\t\t<\/div>\n\t\t\t\t<\/div>\n\t\t\t\t<div class=\"elementor-element elementor-element-18e51ad elementor-widget__width-initial elementor-widget elementor-widget-text-editor\" data-id=\"18e51ad\" data-element_type=\"widget\" data-widget_type=\"text-editor.default\">\n\t\t\t\t<div class=\"elementor-widget-container\">\n\t\t\t\t\t\t\t<p>Ja j\u016bs dz\u012bvojat \u0101rpus &#8220;nor\u0101d\u012btaj\u0101m valst\u012bm&#8221;, j\u016bs nosl\u0113dzat \u0161o l\u012bgumu ar LinkedIn Corporation (&#8220;LinkedIn Corp.&#8221;), un LinkedIn Corp. b\u016bs j\u016bsu personas datu, kas tiek sniegti m\u016bsu Pakalpojumiem, sav\u0101kti vai apstr\u0101d\u0101ti saist\u012bb\u0101 ar m\u016bsu Pakalpojumiem, p\u0101rzinis.<\/p>\n\t\t\t\t\t\t<\/div>\n\t\t\t\t<\/div>\n\t\t\t\t\t<\/div>\n\t\t<\/div>\n\t\t\t\t<div class=\"elementor-column elementor-col-50 elementor-inner-column elementor-element elementor-element-40354e8 elementor-hidden-tablet elementor-hidden-mobile\" data-id=\"40354e8\" data-element_type=\"column\">\n\t\t\t<div class=\"elementor-widget-wrap elementor-element-populated\">\n\t\t\t\t\t\t\t\t<div class=\"elementor-element elementor-element-08e6913 elementor-absolute elementor-widget elementor-widget-image\" data-id=\"08e6913\" data-element_type=\"widget\" data-settings=\"{&quot;_position&quot;:&quot;absolute&quot;}\" data-widget_type=\"image.default\">\n\t\t\t\t<div class=\"elementor-widget-container\">\n\t\t\t\t\t\t\t\t\t\t\t\t\t\t\t<img loading=\"lazy\" decoding=\"async\" width=\"800\" height=\"798\" src=\"https:\/\/www.lvrflote.lv\/wp-content\/uploads\/2023\/07\/circle-1-1024x1022.png\" class=\"attachment-large size-large wp-image-85\" alt=\"\" srcset=\"https:\/\/www.lvrflote.lv\/wp-content\/uploads\/2023\/07\/circle-1-1024x1022.png 1024w, https:\/\/www.lvrflote.lv\/wp-content\/uploads\/2023\/07\/circle-1-300x300.png 300w, https:\/\/www.lvrflote.lv\/wp-content\/uploads\/2023\/07\/circle-1-150x150.png 150w, https:\/\/www.lvrflote.lv\/wp-content\/uploads\/2023\/07\/circle-1-768x766.png 768w, https:\/\/www.lvrflote.lv\/wp-content\/uploads\/2023\/07\/circle-1.png 1300w\" sizes=\"auto, (max-width: 800px) 100vw, 800px\" \/>\t\t\t\t\t\t\t\t\t\t\t\t\t\t\t<\/div>\n\t\t\t\t<\/div>\n\t\t\t\t\t<\/div>\n\t\t<\/div>\n\t\t\t\t\t\t\t<\/div>\n\t\t<\/section>\n\t\t\t\t\t<\/div>\n\t\t<\/div>\n\t\t\t\t\t\t\t<\/div>\n\t\t<\/section>\n\t\t\t\t<section class=\"elementor-section elementor-top-section elementor-element elementor-element-d83c713 elementor-section-full_width elementor-reverse-mobile elementor-section-content-middle elementor-section-height-default elementor-section-height-default\" data-id=\"d83c713\" data-element_type=\"section\" data-settings=\"{&quot;background_background&quot;:&quot;classic&quot;}\">\n\t\t\t\t\t\t<div class=\"elementor-container elementor-column-gap-default\">\n\t\t\t\t\t<div class=\"elementor-column elementor-col-50 elementor-top-column elementor-element elementor-element-5b5ef59\" data-id=\"5b5ef59\" data-element_type=\"column\">\n\t\t\t<div class=\"elementor-widget-wrap elementor-element-populated\">\n\t\t\t\t\t\t\t\t<div class=\"elementor-element elementor-element-3302976 elementor-widget elementor-widget-text-editor\" data-id=\"3302976\" data-element_type=\"widget\" data-widget_type=\"text-editor.default\">\n\t\t\t\t<div class=\"elementor-widget-container\">\n\t\t\t\t\t\t\t<p>LVR Flote ir <span style=\"color: #00ce70;\">uzticams, stabils un pieredz\u0113jis<\/span> uz\u0146\u0113mums, kas ar savu pakalpojumu kl\u0101stu veicina Latvijas ostu konkur\u0113tsp\u0113ju.<\/p>\n\t\t\t\t\t\t<\/div>\n\t\t\t\t<\/div>\n\t\t\t\t<section class=\"elementor-section elementor-inner-section elementor-element elementor-element-9e9989e elementor-section-boxed elementor-section-height-default elementor-section-height-default\" data-id=\"9e9989e\" data-element_type=\"section\">\n\t\t\t\t\t\t<div class=\"elementor-container elementor-column-gap-default\">\n\t\t\t\t\t<div class=\"elementor-column elementor-col-50 elementor-inner-column elementor-element elementor-element-45b6add\" data-id=\"45b6add\" data-element_type=\"column\">\n\t\t\t<div class=\"elementor-widget-wrap elementor-element-populated\">\n\t\t\t\t\t\t\t\t<div class=\"elementor-element elementor-element-ff75084 elementor-widget-tablet__width-initial elementor-widget-mobile__width-initial elementor-widget elementor-widget-button\" data-id=\"ff75084\" data-element_type=\"widget\" data-widget_type=\"button.default\">\n\t\t\t\t<div class=\"elementor-widget-container\">\n\t\t\t\t\t<div class=\"elementor-button-wrapper\">\n\t\t\t<a href=\"https:\/\/www.lvrflote.lv\/lv\/sazinieties-ar\/\" class=\"elementor-button-link elementor-button elementor-size-lg\" role=\"button\">\n\t\t\t\t\t\t<span class=\"elementor-button-content-wrapper\">\n\t\t\t\t\t\t<span class=\"elementor-button-text\">sazinieties ar mums<\/span>\n\t\t<\/span>\n\t\t\t\t\t<\/a>\n\t\t<\/div>\n\t\t\t\t<\/div>\n\t\t\t\t<\/div>\n\t\t\t\t\t<\/div>\n\t\t<\/div>\n\t\t\t\t<div class=\"elementor-column elementor-col-50 elementor-inner-column elementor-element elementor-element-a6bd0c3\" data-id=\"a6bd0c3\" data-element_type=\"column\" data-settings=\"{&quot;background_background&quot;:&quot;classic&quot;}\">\n\t\t\t<div class=\"elementor-widget-wrap elementor-element-populated\">\n\t\t\t\t\t\t\t\t<div class=\"elementor-element elementor-element-fc3f134 elementor-widget-mobile__width-initial elementor-widget__width-initial elementor-widget-tablet__width-initial elementor-widget-divider--view-line elementor-widget elementor-widget-divider\" data-id=\"fc3f134\" data-element_type=\"widget\" data-widget_type=\"divider.default\">\n\t\t\t\t<div class=\"elementor-widget-container\">\n\t\t\t<style>\/*! elementor - v3.12.1 - 02-04-2023 *\/\n.elementor-widget-divider{--divider-border-style:none;--divider-border-width:1px;--divider-color:#0c0d0e;--divider-icon-size:20px;--divider-element-spacing:10px;--divider-pattern-height:24px;--divider-pattern-size:20px;--divider-pattern-url:none;--divider-pattern-repeat:repeat-x}.elementor-widget-divider .elementor-divider{display:flex}.elementor-widget-divider .elementor-divider__text{font-size:15px;line-height:1;max-width:95%}.elementor-widget-divider .elementor-divider__element{margin:0 var(--divider-element-spacing);flex-shrink:0}.elementor-widget-divider .elementor-icon{font-size:var(--divider-icon-size)}.elementor-widget-divider .elementor-divider-separator{display:flex;margin:0;direction:ltr}.elementor-widget-divider--view-line_icon .elementor-divider-separator,.elementor-widget-divider--view-line_text .elementor-divider-separator{align-items:center}.elementor-widget-divider--view-line_icon .elementor-divider-separator:after,.elementor-widget-divider--view-line_icon .elementor-divider-separator:before,.elementor-widget-divider--view-line_text .elementor-divider-separator:after,.elementor-widget-divider--view-line_text .elementor-divider-separator:before{display:block;content:\"\";border-bottom:0;flex-grow:1;border-top:var(--divider-border-width) var(--divider-border-style) var(--divider-color)}.elementor-widget-divider--element-align-left .elementor-divider .elementor-divider-separator>.elementor-divider__svg:first-of-type{flex-grow:0;flex-shrink:100}.elementor-widget-divider--element-align-left .elementor-divider-separator:before{content:none}.elementor-widget-divider--element-align-left .elementor-divider__element{margin-left:0}.elementor-widget-divider--element-align-right .elementor-divider .elementor-divider-separator>.elementor-divider__svg:last-of-type{flex-grow:0;flex-shrink:100}.elementor-widget-divider--element-align-right .elementor-divider-separator:after{content:none}.elementor-widget-divider--element-align-right .elementor-divider__element{margin-right:0}.elementor-widget-divider:not(.elementor-widget-divider--view-line_text):not(.elementor-widget-divider--view-line_icon) .elementor-divider-separator{border-top:var(--divider-border-width) var(--divider-border-style) var(--divider-color)}.elementor-widget-divider--separator-type-pattern{--divider-border-style:none}.elementor-widget-divider--separator-type-pattern.elementor-widget-divider--view-line .elementor-divider-separator,.elementor-widget-divider--separator-type-pattern:not(.elementor-widget-divider--view-line) .elementor-divider-separator:after,.elementor-widget-divider--separator-type-pattern:not(.elementor-widget-divider--view-line) .elementor-divider-separator:before,.elementor-widget-divider--separator-type-pattern:not([class*=elementor-widget-divider--view]) .elementor-divider-separator{width:100%;min-height:var(--divider-pattern-height);-webkit-mask-size:var(--divider-pattern-size) 100%;mask-size:var(--divider-pattern-size) 100%;-webkit-mask-repeat:var(--divider-pattern-repeat);mask-repeat:var(--divider-pattern-repeat);background-color:var(--divider-color);-webkit-mask-image:var(--divider-pattern-url);mask-image:var(--divider-pattern-url)}.elementor-widget-divider--no-spacing{--divider-pattern-size:auto}.elementor-widget-divider--bg-round{--divider-pattern-repeat:round}.rtl .elementor-widget-divider .elementor-divider__text{direction:rtl}.e-con-inner>.elementor-widget-divider,.e-con>.elementor-widget-divider{width:var(--container-widget-width,100%);--flex-grow:var(--container-widget-flex-grow)}<\/style>\t\t<div class=\"elementor-divider\">\n\t\t\t<span class=\"elementor-divider-separator\">\n\t\t\t\t\t\t<\/span>\n\t\t<\/div>\n\t\t\t\t<\/div>\n\t\t\t\t<\/div>\n\t\t\t\t\t<\/div>\n\t\t<\/div>\n\t\t\t\t\t\t\t<\/div>\n\t\t<\/section>\n\t\t\t\t\t<\/div>\n\t\t<\/div>\n\t\t\t\t<div class=\"elementor-column elementor-col-50 elementor-top-column elementor-element elementor-element-4c021c2\" data-id=\"4c021c2\" data-element_type=\"column\">\n\t\t\t<div class=\"elementor-widget-wrap elementor-element-populated\">\n\t\t\t\t\t\t\t\t<div class=\"elementor-element elementor-element-44e05be elementor-widget-laptop__width-initial elementor-widget elementor-widget-image\" data-id=\"44e05be\" data-element_type=\"widget\" data-widget_type=\"image.default\">\n\t\t\t\t<div class=\"elementor-widget-container\">\n\t\t\t\t\t\t\t\t\t\t\t\t\t\t\t<img loading=\"lazy\" decoding=\"async\" width=\"214\" height=\"170\" src=\"https:\/\/www.lvrflote.lv\/wp-content\/uploads\/2023\/07\/promo-image-1.png\" class=\"attachment-large size-large wp-image-1111\" alt=\"\" srcset=\"https:\/\/www.lvrflote.lv\/wp-content\/uploads\/2023\/07\/promo-image-1.png 214w, https:\/\/www.lvrflote.lv\/wp-content\/uploads\/2023\/07\/elementor\/thumbs\/promo-image-1-q8whylovuel2bsausqy6wlt4ee635bztwba0lbjfgy.png 107w\" sizes=\"auto, (max-width: 214px) 100vw, 214px\" \/>\t\t\t\t\t\t\t\t\t\t\t\t\t\t\t<\/div>\n\t\t\t\t<\/div>\n\t\t\t\t\t<\/div>\n\t\t<\/div>\n\t\t\t\t\t\t\t<\/div>\n\t\t<\/section>\n\t\t\t\t\t\t\t<\/div>\n\t\t","protected":false},"excerpt":{"rendered":"<p>1.1 L\u012bgums J\u016bs piekr\u012btat, ka, noklik\u0161\u0137inot uz &#8220;Join Now&#8221;, &#8220;Join LinkedIn&#8221;, &#8220;Sign Up&#8221; vai l\u012bdz\u012bgi, re\u0123istr\u0113joties, piek\u013c\u016bstot vai izmantojot m\u016bsu pakalpojumus (aprakst\u012bti t\u0101l\u0101k), j\u016bs piekr\u012btat nosl\u0113gt juridiski saisto\u0161u l\u012bgumu ar LinkedIn (pat ja j\u016bs izmantojat m\u016bsu pakalpojumus uz\u0146\u0113muma v\u0101rd\u0101). Ja nepiekr\u012btat \u0161im l\u012bgumam (&#8220;L\u012bgums&#8221; vai &#8220;Lietot\u0101ja l\u012bgums&#8221;), nespie\u017eiet &#8220;Pievienoties tagad&#8221; (vai taml\u012bdz\u012bgi) un nepiek\u013c\u016bstiet vai [&hellip;]<\/p>\n","protected":false},"author":1,"featured_media":0,"parent":0,"menu_order":0,"comment_status":"closed","ping_status":"closed","template":"elementor_header_footer","meta":{"footnotes":""},"class_list":["post-6515","page","type-page","status-publish","hentry"],"_links":{"self":[{"href":"https:\/\/www.lvrflote.lv\/lv\/wp-json\/wp\/v2\/pages\/6515","targetHints":{"allow":["GET"]}}],"collection":[{"href":"https:\/\/www.lvrflote.lv\/lv\/wp-json\/wp\/v2\/pages"}],"about":[{"href":"https:\/\/www.lvrflote.lv\/lv\/wp-json\/wp\/v2\/types\/page"}],"author":[{"embeddable":true,"href":"https:\/\/www.lvrflote.lv\/lv\/wp-json\/wp\/v2\/users\/1"}],"replies":[{"embeddable":true,"href":"https:\/\/www.lvrflote.lv\/lv\/wp-json\/wp\/v2\/comments?post=6515"}],"version-history":[{"count":3,"href":"https:\/\/www.lvrflote.lv\/lv\/wp-json\/wp\/v2\/pages\/6515\/revisions"}],"predecessor-version":[{"id":6518,"href":"https:\/\/www.lvrflote.lv\/lv\/wp-json\/wp\/v2\/pages\/6515\/revisions\/6518"}],"wp:attachment":[{"href":"https:\/\/www.lvrflote.lv\/lv\/wp-json\/wp\/v2\/media?parent=6515"}],"curies":[{"name":"wp","href":"https:\/\/api.w.org\/{rel}","templated":true}]}}